{"id":1005,"date":"2016-08-20T11:52:13","date_gmt":"2016-08-20T09:52:13","guid":{"rendered":"http:\/\/e-qo.eu\/en\/?page_id=1005"},"modified":"2016-08-30T14:27:25","modified_gmt":"2016-08-30T12:27:25","slug":"circolaria","status":"publish","type":"page","link":"https:\/\/e-qo.eu\/en\/educational-2\/projects\/circolaria\/","title":{"rendered":"Circolaria"},"content":{"rendered":"<p><a href=\"http:\/\/e-qo.eu\/wp-content\/uploads\/circolaria.jpg\"><img decoding=\"async\" loading=\"lazy\" class=\"alignnone size-medium wp-image-981\" src=\"http:\/\/e-qo.eu\/wp-content\/uploads\/circolaria-225x300.jpg\" alt=\"circolaria\" width=\"225\" height=\"300\" srcset=\"https:\/\/e-qo.eu\/wp-content\/uploads\/circolaria-225x300.jpg 225w, https:\/\/e-qo.eu\/wp-content\/uploads\/circolaria.jpg 300w\" sizes=\"(max-width: 225px) 100vw, 225px\" \/><\/a><\/p>\n<h2><span style=\"color: #008000;\"><strong>Cos&#8217;\u00e8 Circolaria?<\/strong><\/span><\/h2>\n<p><strong>Circolaria_2016\u00ae <\/strong>\u00e8 una rassegna internazionale di comunicazioni istituzionali, organizzate in diversi format ed in varie sedi, che hanno come oggetto la promozione dell\u2019<strong><em>economia circolare e climate smart<\/em>. <\/strong>Lo scopo \u00e8 stimolare il dibattito su un argomento centrale della politica europea, che ha notevole ricaduta sul mercato italiano e che sta impegnando tanto il nostro governo, quanto il parlamento nazionale.\u00a0 Ai vari eventi prendono parte primaria enti e operatori internazionali coinvolti nella promozione di buone pratiche circolari e climate smart, con specifici progetti che coinvolgono le rappresentanze della politica, dell\u2019impresa e della cittadinanza a livello politico, culturale ed economico, nei settori di agricoltura, edilizia, energia, industria, rifiuti e comunicazione.<\/p>\n<p><strong>Circolaria_2016\u00ae <\/strong>rappresenta la cassa di risonanza nazionale per tutto ci\u00f2 che riguarda l\u2019economia circolare e la sostenibilit\u00e0 ambientale, dando la possibilit\u00e0 a tutti i suoi partecipanti di conoscere e approfondire le tematiche di economia circolare eu e climate smart agricolture. Il ciclo di eventi garantisce l\u2019opportunit\u00e0 di prendere parte e contribuire al passaggio, gi\u00e0 in atto, dai paradigmi della millenaria economia lineare alle innovazioni di una economia sostenibile per l\u2019uomo e per ci\u00f2 che lo circonda, in cui l\u2019ultimo step della vita di un prodotto non sia lo scarto, ma il reintegro e la rivalutazione dello stesso: un\u2019economia circolare.<\/p>\n<h2><span style=\"color: #008000;\"><strong>Programma <\/strong><\/span><\/h2>\n<ul>\n<li><strong><span style=\"color: #99cc00;\"><u>14 Settembre 2016<\/u><\/span> &#8211; Piazza di Sasso Marconi, Bologna<\/strong><\/li>\n<\/ul>\n<p>Green night: festa collettiva con sfilata di moda circolare, degustazione prodotti e cibo a Km zero.<\/p>\n<p>Conferimento dei premi Radio days Citt\u00e0 di Sasso Marconi \/ mostra fotografica \u201cWest Berlin\u201d<\/p>\n<ul>\n<li><strong><span style=\"color: #99cc00;\"><u>17 Settembre 2016<\/u><\/span> \u2013 Opificio Golinelli, Bologna<\/strong><\/li>\n<\/ul>\n<p>Apertura di Circolaria Tedx saloon (seminario di talk di autorevoli testimonial).<\/p>\n<p>Mostra fotografica curata da Hossein Farmani (gi\u00e0 esibita a COP 21 di Parigi per Capi di stato)<\/p>\n<ul>\n<li><strong><span style=\"color: #99cc00;\"><u>14 Ottobre 2016<\/u><\/span> \u2013 Comune di Sasso Marconi, Bologna<\/strong><\/li>\n<\/ul>\n<p>Conferenza regionale su agricoltura climate smart in collaborazione con Confagricoltura e CNR<\/p>\n<ul>\n<li><strong><span style=\"color: #99cc00;\"><u>3 Novembre 2016<\/u><\/span> \u2013 Universit\u00e0 L. Bocconi, Milano<\/strong><\/li>\n<\/ul>\n<p>Convegno sulle politiche europee ed economia circolare. Partecipano rappresentanti della politica nazionale ed europea, di imprese e studiosi<\/p>\n<ul>\n<li><strong><span style=\"color: #99cc00;\"><u>Novembre 2016<\/u><\/span> \u2013 Roma, Patrocinio presidenza consiglio (Location in via di definizione)<\/strong><\/li>\n<\/ul>\n<p>Convegno sulle ricadute nel mercato nazionale dell\u2019economia circolare ne settori energia e servizi Partecipano rappresentanti della politica nazionale, di imprese e studiosi<\/p>\n<ul>\n<li><strong><span style=\"color: #99cc00;\"><u>Dicembre 2016<\/u><\/span> \u2013 Triennale e Teatro dell\u2019Arte, Milano<\/strong><\/li>\n<\/ul>\n<p>Seminario di talk di autorevoli testimonial su economia circolare.<\/p>\n<p>Mostra fotografica curata da Hossein Farmani<\/p>\n<ul>\n<li><strong><span style=\"color: #99cc00;\"><u>Febbraio \/ Marzo 2017<\/u><\/span> \u2013 Parlamento europeo, Bruxelles<\/strong><\/li>\n<\/ul>\n<p>Presentazione della pubblicazione\/compendio nuove idee per l\u2019economia circolare.<\/p>\n<p>Winter School e-qo: diversi panel sul tema economia circolare durante i quali interverranno rappresentanti del Parlamento europeo, imprese e studiosi. e-qo awards: premiazione delle personalit\u00e0 che si sono distinte nell\u2019ambito della sostenibilit\u00e0 e dell\u2019economia circolare.<\/p>\n<h2><span style=\"color: #008000;\"><strong>Promotori <\/strong><\/span><\/h2>\n<p>I promotori sono<strong> Stefano Mazzetti<\/strong>, Sindaco di <strong>Sasso Marconi<\/strong>, municipalit\u00e0 con forte vocazione ambientalista, e S<strong>andro Serenari<\/strong>, presidente di e-qo (www.e-qo.eu), Organizzazione non governativa europea accreditata al Parlamento europeo che si occupa di promozione di buone pratiche per carriere green job di giovani professionisti<\/p>\n<p><strong><img decoding=\"async\" loading=\"lazy\" class=\"alignleft wp-image-1048 size-full\" src=\"http:\/\/e-qo.eu\/wp-content\/uploads\/e-qo-ong-stefano-mazzetti-circolaria.jpg\" alt=\"\" width=\"300\" height=\"300\" srcset=\"https:\/\/e-qo.eu\/wp-content\/uploads\/e-qo-ong-stefano-mazzetti-circolaria.jpg 300w, https:\/\/e-qo.eu\/wp-content\/uploads\/e-qo-ong-stefano-mazzetti-circolaria-150x150.jpg 150w, https:\/\/e-qo.eu\/wp-content\/uploads\/e-qo-ong-stefano-mazzetti-circolaria-70x70.jpg 70w\" sizes=\"(max-width: 300px) 100vw, 300px\" \/>Stefano Mazzetti<\/strong><\/p>\n<p>\u00e8 Sindaco di Sasso Marconi, Responsabile nazionale Economia circolare del PD, Responsabile Emilia Romagna Ecodem del DP si \u00e8 formato all&#8217;Universit\u00e0 di Bologna alla facolt\u00e0 di Scienze Politiche. Sin dal suo insediamento come primo cittadino, ha voluto dare una forte impronta di &#8220;sostenibilit\u00e0&#8221; alla sua attivit\u00e0 amministrativa, consolidando le buone pratiche\u00a0 ambientali gi\u00e0 avviate a Sasso Marconi ed introducendone di nuove. \u00c8 coordinatore della rete nazionale dei Comuni antispreco (<a href=\"http:\/\/www.sprecozero.net\" target=\"_blank\">http:\/\/www.sprecozero.net<\/a>).<\/p>\n<p>&nbsp;<\/p>\n<p>&nbsp;<\/p>\n<span class=\"dropcap\"><\/span>\n<p>&nbsp;<\/p>\n<p>&nbsp;<\/p>\n<p><strong><img decoding=\"async\" loading=\"lazy\" class=\"alignleft wp-image-1050 size-full\" src=\"http:\/\/e-qo.eu\/wp-content\/uploads\/e-qo-ong-sandro-serenari-circolaria.jpg\" alt=\"\" width=\"300\" height=\"300\" srcset=\"https:\/\/e-qo.eu\/wp-content\/uploads\/e-qo-ong-sandro-serenari-circolaria.jpg 300w, https:\/\/e-qo.eu\/wp-content\/uploads\/e-qo-ong-sandro-serenari-circolaria-150x150.jpg 150w, https:\/\/e-qo.eu\/wp-content\/uploads\/e-qo-ong-sandro-serenari-circolaria-70x70.jpg 70w\" sizes=\"(max-width: 300px) 100vw, 300px\" \/>Sandro Serenari<\/strong><\/p>\n<p>\u00e8 presidente di Farest Spa (www.farest.it), societ\u00e0 di consulenza internazionale partecipata da SIMEST, <em>merchant bank <\/em>del governo italiano. Divide la propria attivit\u00e0 professionale tra ricerca e consulenza internazionale nelle materie di negoziazione pubblico-privato per appalti internazionali di grandi opere e progetti innovativi legati alle nuove tecnologie di <em>green economy<\/em>.\u00a0Fondatore e presidente della ONG europea e-qo (www.e-qo.eu), svolge attivit\u00e0 di docenza presso numerosi master, enti e scuole di specialit\u00e0 nella materia di corporate lobbying ed advocacy; base dell\u2019attivit\u00e0 di ricerca \u00e8 la facolt\u00e0 di Economia dell\u2019Universit\u00e0 degli Studi Bologna, dove \u00e8 stato dal 2003 al 2011 professore a contratto di Economia industriale, dirigendo la collana editoriale <em>Politiche di Sistema<\/em>. \u00c8 membro aggiunto della commissione di dottorato europeo EDLE, come esperto di lobbying internazionale.<\/p>\n<iframe src=\"https:\/\/www.facebook.com\/plugins\/like.php?href=https:\/\/e-qo.eu\/en\/educational-2\/projects\/circolaria\/&amp;layout=box_count&amp;show_faces=false&amp;width=100&amp;action=like&amp;font&amp;colorscheme=light&amp;height=65\" scrolling=\"no\" frameborder=\"0\" style=\"border:none; overflow:hidden; width:50px; height:65px;\" allowTransparency=\"true\"><\/iframe> \u00a0 \u00a0 <a href=\"https:\/\/twitter.com\/share\" class=\"twitter-share-button\" data-url=\"https:\/\/e-qo.eu\/en\/educational-2\/projects\/circolaria\/\" data-text=\"Circolaria\" data-via=\"\" data-lang=\"en\" data-count=\"vertical\" >tweet<\/a><script type=\"text\/javascript\" src=\"https:\/\/platform.twitter.com\/widgets.js\"><\/script> \u00a0 \u00a0 <g:plusone size='tall'><\/g:plusone>\n<script type='text\/javascript'>\n  (function() {\n    var po = document.createElement('script'); po.type = 'text\/javascript'; po.async = true;\n    po.src = 'https:\/\/apis.google.com\/js\/plusone.js';\n    var s = document.getElementsByTagName('script')[0]; s.parentNode.insertBefore(po, s);\n  })();\n<\/script>\n\n","protected":false},"excerpt":{"rendered":"<p>Cos&#8217;\u00e8 Circolaria? Circolaria_2016\u00ae \u00e8 una rassegna internazionale di comunicazioni istituzionali, organizzate in diversi format ed in varie sedi, che hanno come oggetto la promozione dell\u2019economia circolare e climate smart. Lo scopo \u00e8 stimolare il dibattito su un argomento centrale della politica europea, che ha notevole ricaduta sul mercato italiano e che sta impegnando tanto il &#8230;<\/p>\n","protected":false},"author":8,"featured_media":982,"parent":640,"menu_order":0,"comment_status":"closed","ping_status":"closed","template":"","meta":[],"_links":{"self":[{"href":"https:\/\/e-qo.eu\/en\/wp-json\/wp\/v2\/pages\/1005"}],"collection":[{"href":"https:\/\/e-qo.eu\/en\/wp-json\/wp\/v2\/pages"}],"about":[{"href":"https:\/\/e-qo.eu\/en\/wp-json\/wp\/v2\/types\/page"}],"author":[{"embeddable":true,"href":"https:\/\/e-qo.eu\/en\/wp-json\/wp\/v2\/users\/8"}],"replies":[{"embeddable":true,"href":"https:\/\/e-qo.eu\/en\/wp-json\/wp\/v2\/comments?post=1005"}],"version-history":[{"count":6,"href":"https:\/\/e-qo.eu\/en\/wp-json\/wp\/v2\/pages\/1005\/revisions"}],"predecessor-version":[{"id":1055,"href":"https:\/\/e-qo.eu\/en\/wp-json\/wp\/v2\/pages\/1005\/revisions\/1055"}],"up":[{"embeddable":true,"href":"https:\/\/e-qo.eu\/en\/wp-json\/wp\/v2\/pages\/640"}],"wp:featuredmedia":[{"embeddable":true,"href":"https:\/\/e-qo.eu\/en\/wp-json\/wp\/v2\/media\/982"}],"wp:attachment":[{"href":"https:\/\/e-qo.eu\/en\/wp-json\/wp\/v2\/media?parent=1005"}],"curies":[{"name":"wp","href":"https:\/\/api.w.org\/{rel}","templated":true}]}}