{"id":640,"date":"2014-05-20T15:00:28","date_gmt":"2014-05-20T13:00:28","guid":{"rendered":"http:\/\/e-qo.eu\/?page_id=640"},"modified":"2015-04-13T18:04:09","modified_gmt":"2015-04-13T16:04:09","slug":"projects","status":"publish","type":"page","link":"https:\/\/e-qo.eu\/en\/educational-2\/projects\/","title":{"rendered":"Projects"},"content":{"rendered":"<p>e-qo produces and welcomes concepts that develops with its team of researchers and partners; each project, which is closely related to environmental policy issues, creates an opportunity for social communication and curricular experience. The consistency of such projects is measured by the interest and the support on the side of institutions and private companies; the expectation is that every project put in place by e-qo becomes a \u201cstand-alone product\u201d capable of dealing with the institutions and the market. In this sense, e-qo acts as a facilitator and incubator, without being involved in economic and financial matters.<\/p>\n<p><strong>Progetto Sprekon<\/strong><\/p>\n<p><img decoding=\"async\" loading=\"lazy\" class=\" wp-image-486 alignleft\" style=\"margin: 0px 10px 10px 0px;\" alt=\"album\" src=\"http:\/\/e-qo.eu\/wp-content\/uploads\/album.jpg\" width=\"142\" height=\"189\" srcset=\"https:\/\/e-qo.eu\/wp-content\/uploads\/album.jpg 295w, https:\/\/e-qo.eu\/wp-content\/uploads\/album-224x300.jpg 224w\" sizes=\"(max-width: 142px) 100vw, 142px\" \/><\/p>\n<p><strong>Sprekon<\/strong> is an educational project in the form of a board game designed for young people.<br \/>\ne.qo supports it as partner and facilitator.<br \/>\n<strong>Sprekon<\/strong> was presented for the first time at the European Parliament in Brussels December 7, 2013 by Nino Pellacani, the founder of <a title=\"Zonamista - Agenzia di comunicazione\" href=\"http:\/\/www.zonamista.it\" target=\"_blank\">Zonamista<\/a> .<\/p>\n<a href=\" http:\/\/e-qo.eu\/en\/educational-2\/projects\/sprekon-combatti-il-signore-dellinutile\/\" class=\"shortc-button small green\">Go to Sprekon project<\/a><div class=\"clear\"><\/div><div class=\"divider\"><\/div>\n<p><img decoding=\"async\" loading=\"lazy\" class=\"wp-image-521 alignleft\" style=\"margin-left: 0px; margin-right: 10px;\" alt=\"eqore\" src=\"http:\/\/e-qo.eu\/wp-content\/uploads\/eqore.jpg\" width=\"186\" height=\"139\" \/>The Convention between e.qo and the City of Sasso Marconi has prompted our NGO to imagine various forms of evolution that this collaboration can accrue.<\/p>\n<a href=\" http:\/\/e-qo.eu\/en\/educational-2\/projects\/e-qore-casa-europa\/\" class=\"shortc-button small green\">Go to Casa Europa<\/a><div class=\"clear\"><\/div><div class=\"divider\"><\/div>\n<p><img decoding=\"async\" loading=\"lazy\" class=\"alignleft\" style=\"margin-left: 0px; margin-right: 10px;\" alt=\"pastalpomodoro\" src=\"http:\/\/e-qo.eu\/wp-content\/uploads\/pastalpomodoro.jpg\" width=\"119\" height=\"202\" \/><\/p>\n<p>It is one of e.qo original initiative aimed at enhancing and promoting one of the best Italian food practices; it consists of an action to enhance transparency and to promote cultural, non-commercial knowledge. Pasta al pomodoro\u00ae is a national excellence that has found in the European Parliament in Brussels a natural launch and outreach.<\/p>\n<a href=\" http:\/\/e-qo.eu\/en\/educational-2\/projects\/pastalpomodoro-project\/\" class=\"shortc-button small green\">Go to PastAlPomodoro project<\/a><div class=\"clear\"><\/div><div class=\"divider\"><\/div>\n<p><strong><img decoding=\"async\" loading=\"lazy\" class=\"alignleft  wp-image-510\" style=\"margin-left: 0px; margin-right: 10px;\" alt=\"Green-Collar\" src=\"http:\/\/e-qo.eu\/wp-content\/uploads\/Green-Collar.jpg\" width=\"246\" height=\"152\" srcset=\"https:\/\/e-qo.eu\/wp-content\/uploads\/Green-Collar.jpg 511w, https:\/\/e-qo.eu\/wp-content\/uploads\/Green-Collar-300x186.jpg 300w\" sizes=\"(max-width: 246px) 100vw, 246px\" \/><\/strong><\/p>\n<p>Creazione di una piattaforma online sui green jobs, che offra opportunit\u00e0 di accesso a programmi di stage e tirocinio per giovani volontari interessati ad esperienze professionali di primario rilievo curriculare nei settori food della gren economy, grazie alla capacit\u00e0 di fund raising del sito&#8230;<\/p>\n<a href=\" http:\/\/e-qo.eu\/en\/educational-2\/projects\/green-jobs-platform\/\" class=\"shortc-button small green\">Go to Green collar project <\/a><div class=\"clear\"><\/div><div class=\"divider\"><\/div>\n<p align=\"JUSTIFY\"><a href=\"http:\/\/e-qo.eu\/wp-content\/uploads\/eco-friendly-fashion-designers-vegetable.jpg\"><img decoding=\"async\" loading=\"lazy\" class=\"alignleft  wp-image-543\" alt=\"eco-friendly-fashion-designers-vegetable\" src=\"http:\/\/e-qo.eu\/wp-content\/uploads\/eco-friendly-fashion-designers-vegetable.jpg\" width=\"135\" height=\"237\" srcset=\"https:\/\/e-qo.eu\/wp-content\/uploads\/eco-friendly-fashion-designers-vegetable.jpg 321w, https:\/\/e-qo.eu\/wp-content\/uploads\/eco-friendly-fashion-designers-vegetable-170x300.jpg 170w\" sizes=\"(max-width: 135px) 100vw, 135px\" \/><\/a><\/p>\n<p align=\"JUSTIFY\">Il progetto \u201ceco manifatture\u201d nasce dalla necessit\u00e0 di valorizzare e fare conoscere il patrimonio di attivit\u00e0 economiche, commerciali e creative legate alle produzioni di eco-manifatture presenti nel territorio delle citt\u00e0 italiane.<span style=\"font-family: Calibri, serif;\"><br \/>\n<\/span><\/p>\n<p align=\"JUSTIFY\"><a href=\" http:\/\/e-qo.eu\/en\/educational-2\/projects\/the-eco-manufactures-project\/\" class=\"shortc-button small green\">Go to Moda sostenibile ed eco-manifatture<\/a><div class=\"clear\"><\/div><div class=\"divider\"><\/div>\n<p>&nbsp;<\/p>\n","protected":false},"excerpt":{"rendered":"<p>e-qo produces and welcomes concepts that develops with its team of researchers and partners; each project, which is closely related to environmental policy issues, creates an opportunity for social communication and curricular experience. The consistency of such projects is measured by the interest and the support on the side of institutions and private companies; the &#8230;<\/p>\n","protected":false},"author":3,"featured_media":0,"parent":637,"menu_order":0,"comment_status":"closed","ping_status":"closed","template":"","meta":[],"_links":{"self":[{"href":"https:\/\/e-qo.eu\/en\/wp-json\/wp\/v2\/pages\/640"}],"collection":[{"href":"https:\/\/e-qo.eu\/en\/wp-json\/wp\/v2\/pages"}],"about":[{"href":"https:\/\/e-qo.eu\/en\/wp-json\/wp\/v2\/types\/page"}],"author":[{"embeddable":true,"href":"https:\/\/e-qo.eu\/en\/wp-json\/wp\/v2\/users\/3"}],"replies":[{"embeddable":true,"href":"https:\/\/e-qo.eu\/en\/wp-json\/wp\/v2\/comments?post=640"}],"version-history":[{"count":5,"href":"https:\/\/e-qo.eu\/en\/wp-json\/wp\/v2\/pages\/640\/revisions"}],"predecessor-version":[{"id":736,"href":"https:\/\/e-qo.eu\/en\/wp-json\/wp\/v2\/pages\/640\/revisions\/736"}],"up":[{"embeddable":true,"href":"https:\/\/e-qo.eu\/en\/wp-json\/wp\/v2\/pages\/637"}],"wp:attachment":[{"href":"https:\/\/e-qo.eu\/en\/wp-json\/wp\/v2\/media?parent=640"}],"curies":[{"name":"wp","href":"https:\/\/api.w.org\/{rel}","templated":true}]}}